{"id":5,"date":"2021-10-27T16:56:23","date_gmt":"2021-10-27T14:56:23","guid":{"rendered":"https:\/\/www.spinellipetgarden.it\/?page_id=5"},"modified":"2023-03-30T10:23:24","modified_gmt":"2023-03-30T08:23:24","slug":"spinellipetgarden","status":"publish","type":"page","link":"https:\/\/www.spinellipetgarden.it\/","title":{"rendered":"Spinelli Pet &#038; Garden"},"content":{"rendered":"<section class=\"wpb-content-wrapper\"><p>[vc_row full_width=&#8221;stretch_row_content&#8221; content_placement=&#8221;middle&#8221; css=&#8221;.vc_custom_1635348946251{background: #f7f7f7 url(https:\/\/www.spinellipetgarden.it\/wp-content\/uploads\/2021\/10\/header_spinelli_2-scaled.jpg?id=26) !important;background-position: center !important;background-repeat: no-repeat !important;background-size: contain !important;}&#8221; el_id=&#8221;header-row&#8221;][vc_column][vc_single_image image=&#8221;28&#8243; img_size=&#8221;full&#8221; alignment=&#8221;center&#8221; el_id=&#8221;logo-spinelli-header&#8221;][\/vc_column][\/vc_row][vc_row el_id=&#8221;spinelli-presentazione-row&#8221;][vc_column][vc_column_text]<\/p>\n<h1 id=\"spinelli-main-header\">I migliori articoli per i tuoi animali e per la cura del tuo giardino<\/h1>\n<p class=\"spinelli-text\">La nostra storia ha avuto inizio nel 1956, quando il nostro amore per gli animali si tramut\u00f2 in un&#8217;attivit\u00e0 commerciale a conduzione familiare. Inizialmente, il nostro piccolo emporio trattava esclusivamente alimenti per animali da allevamento, ma gi\u00e0 a quel tempo, la nostra continua ricerca di soddisfare i bisogni di ogni specie ci spingeva verso un&#8217;espansione dei nostri orizzonti.<\/p>\n<p class=\"spinelli-text\">Con il tempo la nostra attivit\u00e0 \u00e8 cresciuta adattandosi alle vostre richieste e alle esigenze dei piccoli amici pelosi, espandendosi e arrivando a strutturarsi come Pet Shop specializzato. Nel nostro punto vendita troverete prodotti delle migliori marche a prezzi competitivi che spaziano dagli alimenti agli accessori per i vostri piccoli amici, fino ad arrivare ad una vasta scelta di attrezzi per la cura del vostro giardino, che si tratti di semenza, concime o accessori decorativi.<\/p>\n<p class=\"spinelli-text\">Da sempre scegliamo con cura prodotti sani e di alta qualit\u00e0, infatti, il nostro non \u00e8 un lavoro, bens\u00ec una passione che si tramanda e coinvolge tutti i nostri collaboratori. La vostra soddisfazione e il tenero musetto felice dei vostri cuccioli rappresentano il motore del nostro lavoro, nonch\u00e9 ci\u00f2 che ci spinge a migliorarci ogni giorno.<\/p>\n<p>[\/vc_column_text][vc_row_inner equal_height=&#8221;yes&#8221; gap=&#8221;15&#8243; css=&#8221;.vc_custom_1635501303206{background-color: #f8fbfc !important;}&#8221; el_id=&#8221;banner-musi&#8221;][vc_column_inner width=&#8221;1\/3&#8243; css=&#8221;.vc_custom_1635507433051{background-position: center !important;background-repeat: no-repeat !important;background-size: cover !important;}&#8221; el_id=&#8221;delivery-img-col&#8221;][vc_single_image image=&#8221;190&#8243; img_size=&#8221;full&#8221; alignment=&#8221;center&#8221;][\/vc_column_inner][vc_column_inner width=&#8221;2\/3&#8243; el_id=&#8221;musi-banner-text-column&#8221;][vc_column_text]<\/p>\n<div class=\"musi-banner-text\">\n<p>Se non puoi farci visita ma ti interessano i nostri prodotti, ci pensiamo noi. Effettuiamo spedizioni sicure in tutta Italia!<\/p>\n<p>Scopri il nostro e-commerce<\/p>\n<div class=\"musi-link-container\"><a href=\"http:\/\/musishop.it\"><img decoding=\"async\" src=\"wp-content\/uploads\/2021\/10\/musi-logo.svg\" \/><\/a><br \/>\n<a href=\"http:\/\/musishop.it\">www.musishop.it<\/a><\/div>\n<\/div>\n<p>[\/vc_column_text][vc_column_text el_id=&#8221;cta-10p&#8221;]<\/p>\n<div class=\"coupon-cta\">Per te uno sconto del 10% sul primo acquisto!<\/div>\n<p>[\/vc_column_text][\/vc_column_inner][\/vc_row_inner][\/vc_column][\/vc_row][vc_row disable_element=&#8221;yes&#8221; css=&#8221;.vc_custom_1650009543243{margin-top: 30px !important;}&#8221;][vc_column][vc_column_text]<div class=\"_3d-flip-book  fb3d-fullscreen-mode full-size\" data-id=\"0\" data-mode=\"fullscreen\" data-title=\"false\" data-template=\"short-white-book-view\" data-lightbox=\"dark-shadow\" data-urlparam=\"fb3d-page\" data-page-n=\"0\" data-pdf=\"\/wp-content\/uploads\/2021\/10\/2102.pdf\" data-tax=\"null\" data-thumbnail=\"\" data-cols=\"3\" data-book-template=\"default\" data-trigger=\"\"><\/div>[\/vc_column_text][\/vc_column][\/vc_row][vc_row full_width=&#8221;stretch_row&#8221; equal_height=&#8221;yes&#8221; content_placement=&#8221;middle&#8221; el_id=&#8221;spinelli-contatti-row&#8221; css=&#8221;.vc_custom_1635503387495{margin-top: 30px !important;margin-bottom: 30px !important;background-color: #f7f7f7 !important;}&#8221;][vc_column width=&#8221;1\/2&#8243;][vc_column_text]<iframe loading=\"lazy\" style=\"border: 0;\" src=\"https:\/\/www.google.com\/maps\/embed?pb=!1m14!1m8!1m3!1d6045.8627991464855!2d14.469269170333847!3d40.741534989067134!3m2!1i1024!2i768!4f13.1!3m3!1m2!1s0x0%3A0xb0ce3a4e8e791f61!2sSpinelli%20Pet%20Garden%20s.r.l!5e0!3m2!1sit!2sit!4v1635352310297!5m2!1sit!2sit\" width=\"600\" height=\"450\" allowfullscreen=\"allowfullscreen\"><\/iframe>[\/vc_column_text][\/vc_column][vc_column width=&#8221;1\/2&#8243;][vc_column_text]<\/p>\n<h2 class=\"spinelli-heading\">Punto vendita Scafati<\/h2>\n<p><img decoding=\"async\" style=\"width: 16px; height: auto;\" src=\"\/wp-content\/uploads\/2021\/10\/contatti-loc.svg\" \/><br \/>\nVia Bonifica, 73, 84018 Scafati SA<br \/>\nNei pressi dell&#8217;uscita dell&#8217;autostrada di Pompei\/Scafati e Castellammare<\/p>\n<p><img decoding=\"async\" style=\"width: 16px; height: auto;\" src=\"\/wp-content\/uploads\/2021\/10\/contatti-tel.svg\" \/><br \/>\n081 863 4400<\/p>\n<p><a href=\"https:\/\/www.facebook.com\/spinelli.petgarden\"><img decoding=\"async\" style=\"width: 32px; height: auto;\" src=\"\/wp-content\/uploads\/2021\/10\/contatti-fb.svg\" \/><\/a> <a href=\"instagram.com\/spinellipetgarden\"><img decoding=\"async\" style=\"width: 32px; height: auto;\" src=\"\/wp-content\/uploads\/2021\/10\/contatti-insta.svg\" \/><\/a>[\/vc_column_text][\/vc_column][\/vc_row][vc_row equal_height=&#8221;yes&#8221; content_placement=&#8221;middle&#8221; css=&#8221;.vc_custom_1635503147292{margin-top: 30px !important;margin-bottom: 30px !important;}&#8221; el_id=&#8221;spinelli-nuova-apertura-row&#8221;][vc_column width=&#8221;1\/2&#8243;][vc_column_text]<\/p>\n<h2 class=\"spinelli-heading\">Punto vendita Castellammare<\/h2>\n<p><img decoding=\"async\" style=\"width: 16px; height: auto;\" src=\"\/wp-content\/uploads\/2021\/10\/contatti-loc.svg\" \/><br \/>\nCorso Alcide De Gasperi, 162, 80053 Castellammare di Stabia NA[\/vc_column_text][\/vc_column][vc_column width=&#8221;1\/2&#8243;][vc_column_text]<iframe loading=\"lazy\" style=\"border: 0;\" src=\"https:\/\/www.google.com\/maps\/embed?pb=!1m18!1m12!1m3!1d1512.2535382758795!2d14.481664290412422!3d40.70685248408239!2m3!1f0!2f0!3f0!3m2!1i1024!2i768!4f13.1!3m3!1m2!1s0x133bbd37949a55f1%3A0x7feac75f8f7dad6c!2sCorso%20Alcide%20de%20Gasperi%2C%20162%2C%2080053%20Castellammare%20di%20Stabia%20NA!5e0!3m2!1sit!2sit!4v1635500959887!5m2!1sit!2sit\" width=\"600\" height=\"450\" allowfullscreen=\"allowfullscreen\"><\/iframe>[\/vc_column_text][\/vc_column][\/vc_row][vc_row el_id=&#8221;spinelli-reviews-row&#8221;][vc_column][vc_column_text]        <div class=\"trustreviews wpac\" data-id=\"270583709769679\" data-layout=\"list\" data-exec=\"false\"><div class=\"trustreviews-list\"><div class=\"trustreviews-content-inner\"><a href=\"https:\/\/search.google.com\/local\/reviews?placeid=\" class=\"trustreviews-url\" target=\"_blank\" rel=\"nofollow noopener\">Guarda tutte le recensioni<\/a><\/div><\/div><img loading=\"lazy\" decoding=\"async\" src=\"data:image\/gif;base64,R0lGODlhAQABAIAAAAAAAP\/\/\/yH5BAEAAAAALAAAAAABAAEAAAIBRAA7\" alt=\"js_loader\" onload=\"(function(el, data) {var f = function() { window.TrustReviews ? TrustReviews.Plugin.init('trustreviews', el, data) : setTimeout(f, 400) }; f() })(this);\" width=\"1\" height=\"1\" style=\"display:none\"><svg xmlns=\"http:\/\/www.w3.org\/2000\/svg\" aria-hidden=\"true\" focusable=\"false\" style=\"position:absolute;width:0;height:0;overflow:hidden\"><defs><g id=\"trustreviews-star\" width=\"24\" height=\"24\"><path d=\"M10.7881 3.21068C11.2364 2.13274 12.7635 2.13273 13.2118 3.21068L15.2938 8.2164L20.6979 8.64964C21.8616 8.74293 22.3335 10.1952 21.4469 10.9547L17.3295 14.4817L18.5874 19.7551C18.8583 20.8908 17.6229 21.7883 16.6266 21.1798L11.9999 18.3538L7.37329 21.1798C6.37697 21.7883 5.14158 20.8908 5.41246 19.7551L6.67038 14.4817L2.55303 10.9547C1.66639 10.1952 2.13826 8.74293 3.302 8.64964L8.70609 8.2164L10.7881 3.21068Z\"\/><\/g><g id=\"trustreviews-star-half\" width=\"22\" height=\"22\"><path d=\"M10.7881 3.21068C11.2364 2.13274 12.7635 2.13273 13.2118 3.21068L15.2938 8.2164L20.6979 8.64964C21.8616 8.74293 22.3335 10.1952 21.4469 10.9547L17.3295 14.4817L18.5874 19.7551C18.8583 20.8908 17.6229 21.7883 16.6266 21.1798L11.9999 18.3538L7.37329 21.1798C6.37697 21.7883 5.14158 20.8908 5.41246 19.7551L6.67038 14.4817L2.55303 10.9547C1.66639 10.1952 2.13826 8.74293 3.302 8.64964L8.70609 8.2164L10.7881 3.21068Z\"\/><\/g><g id=\"trustreviews-star-o\" width=\"22\" height=\"22\"><path d=\"M11.48 3.499a.562.562 0 0 1 1.04 0l2.125 5.111a.563.563 0 0 0 .475.345l5.518.442c.499.04.701.663.321.988l-4.204 3.602a.563.563 0 0 0-.182.557l1.285 5.385a.562.562 0 0 1-.84.61l-4.725-2.885a.562.562 0 0 0-.586 0L6.982 20.54a.562.562 0 0 1-.84-.61l1.285-5.386a.562.562 0 0 0-.182-.557l-4.204-3.602a.562.562 0 0 1 .321-.988l5.518-.442a.563.563 0 0 0 .475-.345L11.48 3.5Z\" fill=\"none\"\/><\/g><clipPath id=\"trustreviews-clip-half\" clipPathUnits=\"objectBoundingBox\"><rect x=\"0\" y=\"0\" width=\"0.5\" height=\"1\"><\/rect><\/clipPath><g id=\"trustreviews-logo-g\" height=\"44\" width=\"44\" fill=\"none\" fill-rule=\"evenodd\"><path d=\"M482.56 261.36c0-16.73-1.5-32.83-4.29-48.27H256v91.29h127.01c-5.47 29.5-22.1 54.49-47.09 71.23v59.21h76.27c44.63-41.09 70.37-101.59 70.37-173.46z\" fill=\"#4285f4\"><\/path><path d=\"M256 492c63.72 0 117.14-21.13 156.19-57.18l-76.27-59.21c-21.13 14.16-48.17 22.53-79.92 22.53-61.47 0-113.49-41.51-132.05-97.3H45.1v61.15c38.83 77.13 118.64 130.01 210.9 130.01z\" fill=\"#34a853\"><\/path><path d=\"M123.95 300.84c-4.72-14.16-7.4-29.29-7.4-44.84s2.68-30.68 7.4-44.84V150.01H45.1C29.12 181.87 20 217.92 20 256c0 38.08 9.12 74.13 25.1 105.99l78.85-61.15z\" fill=\"#fbbc05\"><\/path><path d=\"M256 113.86c34.65 0 65.76 11.91 90.22 35.29l67.69-67.69C373.03 43.39 319.61 20 256 20c-92.25 0-172.07 52.89-210.9 130.01l78.85 61.15c18.56-55.78 70.59-97.3 132.05-97.3z\" fill=\"#ea4335\"><\/path><path d=\"M20 20h472v472H20V20z\"><\/path><\/g><g id=\"trustreviews-logo-f\" width=\"30\" height=\"30\" transform=\"translate(23,85) scale(0.05,-0.05)\"><path fill=\"#fff\" d=\"M959 1524v-264h-157q-86 0 -116 -36t-30 -108v-189h293l-39 -296h-254v-759h-306v759h-255v296h255v218q0 186 104 288.5t277 102.5q147 0 228 -12z\"><\/path><\/g><g id=\"trustreviews-logo-y\" x=\"0px\" y=\"0px\" width=\"44\" height=\"44\" style=\"enable-background:new 0 0 533.33 533.33;\" xml:space=\"preserve\"><path d=\"M317.119,340.347c-9.001,9.076-1.39,25.586-1.39,25.586l67.757,113.135c0,0,11.124,14.915,20.762,14.915   c9.683,0,19.246-7.952,19.246-7.952l53.567-76.567c0,0,5.395-9.658,5.52-18.12c0.193-12.034-17.947-15.33-17.947-15.33   l-126.816-40.726C337.815,335.292,325.39,331.994,317.119,340.347z M310.69,283.325c6.489,11.004,24.389,7.798,24.389,7.798   l126.532-36.982c0,0,17.242-7.014,19.704-16.363c2.415-9.352-2.845-20.637-2.845-20.637l-60.468-71.225   c0,0-5.24-9.006-16.113-9.912c-11.989-1.021-19.366,13.489-19.366,13.489l-71.494,112.505   C311.029,261.999,304.709,273.203,310.69,283.325z M250.91,239.461c14.9-3.668,17.265-25.314,17.265-25.314l-1.013-180.14   c0,0-2.247-22.222-12.232-28.246c-15.661-9.501-20.303-4.541-24.79-3.876l-105.05,39.033c0,0-10.288,3.404-15.646,11.988   c-7.651,12.163,7.775,29.972,7.775,29.972l109.189,148.831C226.407,231.708,237.184,242.852,250.91,239.461z M224.967,312.363   c0.376-13.894-16.682-22.239-16.682-22.239L95.37,233.079c0,0-16.732-6.899-24.855-2.091c-6.224,3.677-11.738,10.333-12.277,16.216   l-7.354,90.528c0,0-1.103,15.685,2.963,22.821c5.758,10.128,24.703,3.074,24.703,3.074L210.37,334.49   C215.491,331.048,224.471,330.739,224.967,312.363z M257.746,361.219c-11.315-5.811-24.856,6.224-24.856,6.224l-88.265,97.17   c0,0-11.012,14.858-8.212,23.982c2.639,8.552,7.007,12.802,13.187,15.797l88.642,27.982c0,0,10.747,2.231,18.884-0.127   c11.552-3.349,9.424-21.433,9.424-21.433l2.003-131.563C268.552,379.253,268.101,366.579,257.746,361.219z\" fill=\"#D80027\"\/><\/g><g id=\"trustreviews-dots\" fill=\"none\" fill-rule=\"evenodd\" width=\"12\" height=\"12\"><circle cx=\"6\" cy=\"3\" r=\"1\" fill=\"#000\"\/><circle cx=\"6\" cy=\"6\" r=\"1\" fill=\"#000\"\/><circle cx=\"6\" cy=\"9\" r=\"1\" fill=\"#000\"\/><\/g><\/defs><\/svg><\/div>        [\/vc_column_text][\/vc_column][\/vc_row]<\/p>\n<\/section>","protected":false},"excerpt":{"rendered":"<p>[vc_row full_width=&#8221;stretch_row_content&#8221; content_placement=&#8221;middle&#8221; css=&#8221;.vc_custom_1635348946251{background: #f7f7f7 url(https:\/\/www.spinellipetgarden.it\/wp-content\/uploads\/2021\/10\/header_spinelli_2-scaled.jpg?id=26) !important;background-position: center !important;background-repeat: no-repeat !important;background-size: contain !important;}&#8221; el_id=&#8221;header-row&#8221;][vc_column][vc_single_image image=&#8221;28&#8243; img_size=&#8221;full&#8221; alignment=&#8221;center&#8221; el_id=&#8221;logo-spinelli-header&#8221;][\/vc_column][\/vc_row][vc_row el_id=&#8221;spinelli-presentazione-row&#8221;][vc_column][vc_column_text] I migliori articoli per i tuoi animali e per la cura del tuo giardino La nostra storia ha avuto inizio nel 1956, quando il nostro amore per gli animali si tramut\u00f2 in un&#8217;attivit\u00e0 commerciale a conduzione&hellip;&nbsp;<a href=\"https:\/\/www.spinellipetgarden.it\/\" class=\"\" rel=\"bookmark\">Leggi tutto &raquo;<span class=\"screen-reader-text\">Spinelli Pet &#038; Garden<\/span><\/a><\/p>\n","protected":false},"author":1,"featured_media":0,"parent":0,"menu_order":0,"comment_status":"closed","ping_status":"closed","template":"","meta":{"neve_meta_sidebar":"","neve_meta_container":"","neve_meta_enable_content_width":"on","neve_meta_content_width":100,"neve_meta_title_alignment":"","neve_meta_author_avatar":"","neve_post_elements_order":"","neve_meta_disable_header":"on","neve_meta_disable_footer":"","neve_meta_disable_title":"on","footnotes":""},"class_list":["post-5","page","type-page","status-publish","hentry"],"_links":{"self":[{"href":"https:\/\/www.spinellipetgarden.it\/index.php\/wp-json\/wp\/v2\/pages\/5","targetHints":{"allow":["GET"]}}],"collection":[{"href":"https:\/\/www.spinellipetgarden.it\/index.php\/wp-json\/wp\/v2\/pages"}],"about":[{"href":"https:\/\/www.spinellipetgarden.it\/index.php\/wp-json\/wp\/v2\/types\/page"}],"author":[{"embeddable":true,"href":"https:\/\/www.spinellipetgarden.it\/index.php\/wp-json\/wp\/v2\/users\/1"}],"replies":[{"embeddable":true,"href":"https:\/\/www.spinellipetgarden.it\/index.php\/wp-json\/wp\/v2\/comments?post=5"}],"version-history":[{"count":36,"href":"https:\/\/www.spinellipetgarden.it\/index.php\/wp-json\/wp\/v2\/pages\/5\/revisions"}],"predecessor-version":[{"id":254,"href":"https:\/\/www.spinellipetgarden.it\/index.php\/wp-json\/wp\/v2\/pages\/5\/revisions\/254"}],"wp:attachment":[{"href":"https:\/\/www.spinellipetgarden.it\/index.php\/wp-json\/wp\/v2\/media?parent=5"}],"curies":[{"name":"wp","href":"https:\/\/api.w.org\/{rel}","templated":true}]}}